{"id":35975,"date":"2015-07-09T09:47:42","date_gmt":"2015-07-09T09:47:42","guid":{"rendered":"https:\/\/www.norfrigo.com\/?page_id=35975"},"modified":"2015-07-10T07:07:40","modified_gmt":"2015-07-10T07:07:40","slug":"legal-informations","status":"publish","type":"page","link":"https:\/\/www.norfrigo.com\/en\/legal-informations\/","title":{"rendered":"Legal informations"},"content":{"rendered":"<div class=\"wpb-content-wrapper\"><p>[vc_row][vc_column][vc_column_text]<\/p>\n<h3>Owner and editor of the website<\/h3>\n<p>Groupe NORFRIGO 160, rue des Margats BP 385 &#8211; 62205 BOULOGNE SUR MER CEDEX T\u00e9l. : 03 21 87 11 33 &#8211; Fax : 03 21 87 25 11 E-mail : norfrigo[at]norfrigo.com <a href=\"mailto:norfrigo@norfrigo.com\">norfrigo[at]norfrigo.com<\/a><\/p>\n<h3>Website created by<\/h3>\n<p>ACCIMA communication 7 rue Hippolyte Darr\u00e9 &#8211; 62200 Boulogne-sur-Mer T\u00e9l. : 03 21 32 64 42 \u00a0 Fax : 03 21 32 64 44 Site web : <a href=\"http:\/\/www.accima.fr\">www.accima.fr<\/a>\u00a0 \u00a0Email : <a href=\"mailto:contact@accima.fr\">contact@accima.fr<\/a><\/p>\n<h3>Photograph credits<\/h3>\n<p>Groupe NORFRIGO, ACCIMA communication, EURONOR<\/p>\n<h3>Donn\u00e9es personnelles<\/h3>\n<p>Le pr\u00e9sent fichier est soumis au respect de la loi n\u00b078-17 du 6 janvier 1978 relative \u00e0 l\u2019informatique, aux fichiers et aux libert\u00e9s, version consolid\u00e9e au 13 octobre 2013. Il a \u00e9t\u00e9 d\u00e9clar\u00e9 aupr\u00e8s de la commission Nationale de l\u2019informatique et des Libert\u00e9s (CNIL) sous le num\u00e9ro d\u2019enregistrement (en cours). Conform\u00e9ment \u00e0 l&#8217;article 27 de la loi du 6 janvier 1978 dite &#8221; Informatique et Libert\u00e9s &#8220;, vous disposez d&#8217;un droit d&#8217;acc\u00e8s, de rectification et de suppression relatif aux donn\u00e9es vous concernant dans les conditions de l&#8217;article 34 de ladite loi. Contactez-nous \u00e0 l&#8217;adresse suivante : Groupe NORFRIGO &#8211; 160, rue des Margats BP 385 &#8211; 62205 BOULOGNE SUR MER CEDEX\u00a0en joignant \u00e0 votre courrier une copie de votre carte d&#8217;identit\u00e9 ou de votre passeport. Collecte invisible d\u2019informations relatives \u00e0 la navigation du visiteur. Nous enregistrons automatiquement certaines donn\u00e9es relatives \u00e0 vos habitudes sur notre site. Nous utilisons ces donn\u00e9es en interne pour faire des statistiques sur nos utilisateurs, leurs int\u00e9r\u00eats et leurs comportements toujours dans le but de mieux les servir. Ces donn\u00e9es sont compil\u00e9es et analys\u00e9es dans leur globalit\u00e9, et peuvent inclure l&#8217;URL que vous venez juste de visiter, celui sur lequel vous allez vous rendre (que ces URL soient sur notre site ou pas), le navigateur que vous utilisez, et votre adresse IP. AVERTISSEMENT COOKIE : Nous implantons un cookie dans votre ordinateur. Un cookie ne nous permet pas de vous identifier; en revanche, il enregistre des informations relatives \u00e0 la navigation de votre ordinateur sur notre site (les pages que vous avez consult\u00e9es, la date et l&#8217;heure de la consultation, etc.). Nous vous informons que vous pouvez vous opposer \u00e0 l&#8217;enregistrement de &#8220;cookies&#8221; en configurant votre navigateur de la mani\u00e8re suivante : Pour Microsoft Internet Explorer version 7 \u00e0 11 :\u20281. choisissez le menu &#8220;Outils&#8221; (ou &#8220;Tools&#8221;), puis &#8220;Options Internet&#8221; (ou &#8220;Internet Options&#8221;).\u20282. cliquez sur l&#8217;onglet &#8220;Confidentialit\u00e9&#8221; (ou &#8220;Confidentiality&#8221;)\u20283. s\u00e9lectionnez le niveau souhait\u00e9 \u00e0 l&#8217;aide du curseur. Pour Microsoft Internet Explorer 6.0 :\u20281. choisissez le menu &#8220;Outils&#8221; (ou &#8220;Tools&#8221;), puis &#8220;Options Internet&#8221; (ou &#8220;Internet Options&#8221;).\u20282. cliquez sur l&#8217;onglet &#8220;Confidentialit\u00e9&#8221; (ou &#8220;Confidentiality&#8221;)\u20283. s\u00e9lectionnez le niveau souhait\u00e9 \u00e0 l&#8217;aide du curseur. Pour Microsoft Internet Explorer 5\u20281. choisissez le menu &#8220;Outils&#8221; (ou &#8220;Tools&#8221;), puis &#8220;Options Internet&#8221; (ou &#8220;Internet Options&#8221;).\u20282. cliquez sur l&#8217;onglet &#8220;S\u00e9curit\u00e9&#8221; (ou &#8220;Security&#8221;)\u20283. s\u00e9lectionnez &#8220;Internet&#8221; puis &#8220;Personnaliser le niveau&#8221; (ou &#8220;CustomLevel&#8221;)\u20284. rep\u00e9rez la rubrique &#8220;cookies&#8221; et choisissez l&#8217;option qui vous convient Pour Firefox Toutes les versions :\u20281. choisissez le menu &#8220;Outils&#8221;&gt;&#8221;Options&#8221;\u20282. cliquez sur l&#8217;onglet &#8220;Vie Priv\u00e9e&#8221;\u20283. d\u00e9cochez la case &#8220;Autoriser les sites \u00e0 placer des cookies&#8221; Pour Op\u00e9ra 6.0 et au-del\u00e0 :\u20281. choisissez le menu &#8220;Fichier&#8221;&gt;&#8221;Pr\u00e9f\u00e9rences&#8221;\u20282. Vie Priv\u00e9e Destination des informations recueillies Les messages \u00e9lectroniques envoy\u00e9s par l\u2019interm\u00e9diaire des liens du pr\u00e9sent site sont conserv\u00e9s pour leur traitement et pendant la dur\u00e9e n\u00e9cessaire \u00e0 leur traitement. Nous nous engageons \u00e0 ne communiquer vos donn\u00e9es \u00e0 aucun tiers sans votre consentement pr\u00e9alable. Les droits d\u2019acc\u00e8s et de rectification s\u2019exercent aupr\u00e8s du Service \u00a0Communication. Exercice Droit d\u2019opposition (Opt-out) Art.26 loi 1978 Si vous ne souhaitez pas que les donn\u00e9es personnelles vous concernant soient utilis\u00e9es \u00e0 des fins de prospection par NORFRIGO International, faites le nous savoir \u00e0\u00a0<a href=\"mailto:norfrigo@norfrigo.com\">norfrigo[at]norfrigo.com<\/a> en indiquant bien les donn\u00e9es concern\u00e9es.<\/p>\n<h3>HOST<\/h3>\n<p>Netvolution<\/p>\n<h3>CONFIDENTIALIT\u00c9 DES DONN\u00c9ES<\/h3>\n<p>En conformit\u00e9 \u00e0 l&#8217;article 34 de la loi N\u00b7 78-17 du 6 janvier 1978 relative \u00e0 l&#8217;informatique, aux fichiers et aux libert\u00e9s,vous disposez d&#8217;un droit d&#8217;acc\u00e8s de rectification et de suppression des donn\u00e9es nominatives vous concernant. Pour exercer ce droit adressez-vous \u00e0: Groupe NORFRIGO 160, rue des Margats BP 385 &#8211; 62205 BOULOGNE SUR MER CEDEX T\u00e9l. : 03 21 87 11 33 &#8211; Fax : 03 21 87 25 11 <a href=\"mailto:norfrigo@norfrigo.com\">norfrigo[at]norfrigo.com<\/a>[\/vc_column_text][\/vc_column][\/vc_row]<\/p>\n<\/div>","protected":false},"excerpt":{"rendered":"<p>[vc_row][vc_column][vc_column_text] Owner and editor of the website Groupe NORFRIGO 160, rue des Margats BP 385 &#8211; 62205 BOULOGNE SUR MER CEDEX T\u00e9l. : 03 21 87 11 33 &#8211; Fax : 03 21 87 25 11 E-mail : norfrigo[at]norfrigo.com norfrigo[at]norfrigo.com Website created by ACCIMA communication 7 rue Hippolyte Darr\u00e9 &#8211; 62200 Boulogne-sur-Mer T\u00e9l. : 03&hellip;<\/p>\n","protected":false},"author":2,"featured_media":0,"parent":0,"menu_order":0,"comment_status":"closed","ping_status":"closed","template":"","meta":{"footnotes":""},"class_list":["post-35975","page","type-page","status-publish","hentry","description-off"],"yoast_head":"<!-- This site is optimized with the Yoast SEO plugin v27.6 - https:\/\/yoast.com\/product\/yoast-seo-wordpress\/ -->\n<title>Legal informations - Norfrigo<\/title>\n<meta name=\"robots\" content=\"index, follow, max-snippet:-1, max-image-preview:large, max-video-preview:-1\" \/>\n<link rel=\"canonical\" href=\"https:\/\/www.norfrigo.com\/en\/legal-informations\/\" \/>\n<meta property=\"og:locale\" content=\"en_US\" \/>\n<meta property=\"og:type\" content=\"article\" \/>\n<meta property=\"og:title\" content=\"Legal informations - Norfrigo\" \/>\n<meta property=\"og:description\" content=\"[vc_row][vc_column][vc_column_text] Owner and editor of the website Groupe NORFRIGO 160, rue des Margats BP 385 &#8211; 62205 BOULOGNE SUR MER CEDEX T\u00e9l. : 03 21 87 11 33 &#8211; Fax : 03 21 87 25 11 E-mail : norfrigo[at]norfrigo.com norfrigo[at]norfrigo.com Website created by ACCIMA communication 7 rue Hippolyte Darr\u00e9 &#8211; 62200 Boulogne-sur-Mer T\u00e9l. : 03&hellip;\" \/>\n<meta property=\"og:url\" content=\"https:\/\/www.norfrigo.com\/en\/legal-informations\/\" \/>\n<meta property=\"og:site_name\" content=\"Norfrigo\" \/>\n<meta property=\"article:modified_time\" content=\"2015-07-10T07:07:40+00:00\" \/>\n<meta name=\"twitter:label1\" content=\"Est. reading time\" \/>\n\t<meta name=\"twitter:data1\" content=\"3 minutes\" \/>\n<script type=\"application\/ld+json\" class=\"yoast-schema-graph\">{\"@context\":\"https:\\\/\\\/schema.org\",\"@graph\":[{\"@type\":\"WebPage\",\"@id\":\"https:\\\/\\\/www.norfrigo.com\\\/en\\\/legal-informations\\\/\",\"url\":\"https:\\\/\\\/www.norfrigo.com\\\/en\\\/legal-informations\\\/\",\"name\":\"Legal informations - Norfrigo\",\"isPartOf\":{\"@id\":\"https:\\\/\\\/www.norfrigo.com\\\/#website\"},\"datePublished\":\"2015-07-09T09:47:42+00:00\",\"dateModified\":\"2015-07-10T07:07:40+00:00\",\"breadcrumb\":{\"@id\":\"https:\\\/\\\/www.norfrigo.com\\\/en\\\/legal-informations\\\/#breadcrumb\"},\"inLanguage\":\"en-US\",\"potentialAction\":[{\"@type\":\"ReadAction\",\"target\":[\"https:\\\/\\\/www.norfrigo.com\\\/en\\\/legal-informations\\\/\"]}]},{\"@type\":\"BreadcrumbList\",\"@id\":\"https:\\\/\\\/www.norfrigo.com\\\/en\\\/legal-informations\\\/#breadcrumb\",\"itemListElement\":[{\"@type\":\"ListItem\",\"position\":1,\"name\":\"Accueil\",\"item\":\"https:\\\/\\\/www.norfrigo.com\\\/en\\\/accueil\\\/\"},{\"@type\":\"ListItem\",\"position\":2,\"name\":\"Legal informations\"}]},{\"@type\":\"WebSite\",\"@id\":\"https:\\\/\\\/www.norfrigo.com\\\/#website\",\"url\":\"https:\\\/\\\/www.norfrigo.com\\\/\",\"name\":\"Norfrigo\",\"description\":\"Entrepots frigorifiques Boulogne - le Havre\",\"potentialAction\":[{\"@type\":\"SearchAction\",\"target\":{\"@type\":\"EntryPoint\",\"urlTemplate\":\"https:\\\/\\\/www.norfrigo.com\\\/?s={search_term_string}\"},\"query-input\":{\"@type\":\"PropertyValueSpecification\",\"valueRequired\":true,\"valueName\":\"search_term_string\"}}],\"inLanguage\":\"en-US\"}]}<\/script>\n<!-- \/ Yoast SEO plugin. -->","yoast_head_json":{"title":"Legal informations - Norfrigo","robots":{"index":"index","follow":"follow","max-snippet":"max-snippet:-1","max-image-preview":"max-image-preview:large","max-video-preview":"max-video-preview:-1"},"canonical":"https:\/\/www.norfrigo.com\/en\/legal-informations\/","og_locale":"en_US","og_type":"article","og_title":"Legal informations - Norfrigo","og_description":"[vc_row][vc_column][vc_column_text] Owner and editor of the website Groupe NORFRIGO 160, rue des Margats BP 385 &#8211; 62205 BOULOGNE SUR MER CEDEX T\u00e9l. : 03 21 87 11 33 &#8211; Fax : 03 21 87 25 11 E-mail : norfrigo[at]norfrigo.com norfrigo[at]norfrigo.com Website created by ACCIMA communication 7 rue Hippolyte Darr\u00e9 &#8211; 62200 Boulogne-sur-Mer T\u00e9l. : 03&hellip;","og_url":"https:\/\/www.norfrigo.com\/en\/legal-informations\/","og_site_name":"Norfrigo","article_modified_time":"2015-07-10T07:07:40+00:00","twitter_misc":{"Est. reading time":"3 minutes"},"schema":{"@context":"https:\/\/schema.org","@graph":[{"@type":"WebPage","@id":"https:\/\/www.norfrigo.com\/en\/legal-informations\/","url":"https:\/\/www.norfrigo.com\/en\/legal-informations\/","name":"Legal informations - Norfrigo","isPartOf":{"@id":"https:\/\/www.norfrigo.com\/#website"},"datePublished":"2015-07-09T09:47:42+00:00","dateModified":"2015-07-10T07:07:40+00:00","breadcrumb":{"@id":"https:\/\/www.norfrigo.com\/en\/legal-informations\/#breadcrumb"},"inLanguage":"en-US","potentialAction":[{"@type":"ReadAction","target":["https:\/\/www.norfrigo.com\/en\/legal-informations\/"]}]},{"@type":"BreadcrumbList","@id":"https:\/\/www.norfrigo.com\/en\/legal-informations\/#breadcrumb","itemListElement":[{"@type":"ListItem","position":1,"name":"Accueil","item":"https:\/\/www.norfrigo.com\/en\/accueil\/"},{"@type":"ListItem","position":2,"name":"Legal informations"}]},{"@type":"WebSite","@id":"https:\/\/www.norfrigo.com\/#website","url":"https:\/\/www.norfrigo.com\/","name":"Norfrigo","description":"Entrepots frigorifiques Boulogne - le Havre","potentialAction":[{"@type":"SearchAction","target":{"@type":"EntryPoint","urlTemplate":"https:\/\/www.norfrigo.com\/?s={search_term_string}"},"query-input":{"@type":"PropertyValueSpecification","valueRequired":true,"valueName":"search_term_string"}}],"inLanguage":"en-US"}]}},"_links":{"self":[{"href":"https:\/\/www.norfrigo.com\/en\/wp-json\/wp\/v2\/pages\/35975","targetHints":{"allow":["GET"]}}],"collection":[{"href":"https:\/\/www.norfrigo.com\/en\/wp-json\/wp\/v2\/pages"}],"about":[{"href":"https:\/\/www.norfrigo.com\/en\/wp-json\/wp\/v2\/types\/page"}],"author":[{"embeddable":true,"href":"https:\/\/www.norfrigo.com\/en\/wp-json\/wp\/v2\/users\/2"}],"replies":[{"embeddable":true,"href":"https:\/\/www.norfrigo.com\/en\/wp-json\/wp\/v2\/comments?post=35975"}],"version-history":[{"count":3,"href":"https:\/\/www.norfrigo.com\/en\/wp-json\/wp\/v2\/pages\/35975\/revisions"}],"predecessor-version":[{"id":35987,"href":"https:\/\/www.norfrigo.com\/en\/wp-json\/wp\/v2\/pages\/35975\/revisions\/35987"}],"wp:attachment":[{"href":"https:\/\/www.norfrigo.com\/en\/wp-json\/wp\/v2\/media?parent=35975"}],"curies":[{"name":"wp","href":"https:\/\/api.w.org\/{rel}","templated":true}]}}