{"id":35878,"date":"2015-07-03T14:50:33","date_gmt":"2015-07-03T14:50:33","guid":{"rendered":"https:\/\/www.norfrigo.com\/?page_id=35878"},"modified":"2015-07-03T14:50:33","modified_gmt":"2015-07-03T14:50:33","slug":"prestations-v-en","status":"publish","type":"page","link":"https:\/\/www.norfrigo.com\/en\/prestations-v-en\/","title":{"rendered":"PRESTATIONS V.EN"},"content":{"rendered":"<div class=\"wpb-content-wrapper\"><p>[vc_row][vc_column width=&#8221;1\/3&#8243;][vc_empty_space height=&#8221;96px&#8221;][vc_single_image image=&#8221;35656&#8243; style=&#8221;vc_box_shadow&#8221; border_color=&#8221;grey&#8221; img_link_large=&#8221;yes&#8221; img_link_target=&#8221;_self&#8221; css_animation=&#8221;fadeInLeft&#8221; img_size=&#8221;large&#8221;][vc_empty_space height=&#8221;32px&#8221;][vc_single_image image=&#8221;35649&#8243; style=&#8221;vc_box_shadow&#8221; border_color=&#8221;grey&#8221; img_link_large=&#8221;yes&#8221; img_link_target=&#8221;_self&#8221; css_animation=&#8221;fadeInLeft&#8221; img_size=&#8221;large&#8221;][vc_empty_space height=&#8221;32px&#8221;][\/vc_column][vc_column width=&#8221;2\/3&#8243;][vc_column_text]<\/p>\n<h2><strong><span style=\"color: #616f95;\">Entreposage frigorifique<\/span><\/strong><\/h2>\n<p>Mise \u00e0 part son\u00a0 activit\u00e9 principale qui est l\u2019entreposage frigorifique \u00e0 temp\u00e9rature dirig\u00e9e (inf\u00e9rieur \u00e0 \u2013 20\u00b0C) sur diff\u00e9rents\u00a0 produits qu\u2019ils soient alimentaires (cr\u00e8me glac\u00e9e, l\u00e9gumes, viande) ou provenant de la p\u00eache en mer (90%). L\u2019entreprise a une activit\u00e9 de r\u00e9ception et d\u2019exp\u00e9dition de ces produits, sans compter l\u2019activit\u00e9 de pr\u00e9paration des commandes. \u00a0 Nous pouvons couvrir tous vos besoins :<\/p>\n<ol>\n<li>Stockage frigorifique (Entrep\u00f4t sous douane)<\/li>\n<li>R\u00e9ception-Exp\u00e9dition<\/li>\n<li>Gestion de stock<\/li>\n<li>Tous types de reconditionnements avec notre filiale &#8220;<a title=\"Pr\u00e9sentation PACKOPALE\" href=\"https:\/\/www.norfrigo.com\/conditionnement-de-produits-surgeles\/presentation-packopale\/\" target=\"_blank\">PACKOPALE<\/a>&#8220;<\/li>\n<\/ol>\n<p><span style=\"color: #99ccff;\"><strong>Stockage frigorifique\u00a0 :<\/strong><\/span><\/p>\n<ul>\n<li>stockage en chambre froide de -18\u00b0C \u00e0 -25\u00b0C<\/li>\n<li>stockage adapt\u00e9e \u00e0 vos produits (palettiers mobiles, fixes, en accumulation)<\/li>\n<\/ul>\n<p><strong><span style=\"color: #99ccff;\">R\u00e9ception-Exp\u00e9dition :<\/span><\/strong><\/p>\n<ul>\n<li>Contr\u00f4les : Quantitatifs, qualitatif, temp\u00e9rature<\/li>\n<li>Conteneurs : d\u00e9potage, empotage<\/li>\n<li>Etiquetage<\/li>\n<li>Pr\u00e9paration de commande<\/li>\n<li>Relev\u00e9 de dates, de poids, reportage photos<\/li>\n<\/ul>\n<p><strong><span style=\"color: #99ccff;\">Gestion des stocks :<\/span><\/strong><\/p>\n<ul>\n<li>Tra\u00e7abilit\u00e9 Flashage, EAN 128, code sp\u00e9cifique, traitement des codes \u00e0 barre<\/li>\n<li>Inventaire<\/li>\n<li>Gestion par dates : FIFO, FEFO, DLUO<\/li>\n<li>EDI, web<\/li>\n<li>Contr\u00f4le qualit\u00e9<\/li>\n<\/ul>\n<p>[\/vc_column_text][vc_empty_space height=&#8221;32px&#8221;][vc_empty_space height=&#8221;32px&#8221;][\/vc_column][\/vc_row]<\/p>\n<\/div>","protected":false},"excerpt":{"rendered":"<p>[vc_row][vc_column width=&#8221;1\/3&#8243;][vc_empty_space height=&#8221;96px&#8221;][vc_single_image image=&#8221;35656&#8243; style=&#8221;vc_box_shadow&#8221; border_color=&#8221;grey&#8221; img_link_large=&#8221;yes&#8221; img_link_target=&#8221;_self&#8221; css_animation=&#8221;fadeInLeft&#8221; img_size=&#8221;large&#8221;][vc_empty_space height=&#8221;32px&#8221;][vc_single_image image=&#8221;35649&#8243; style=&#8221;vc_box_shadow&#8221; border_color=&#8221;grey&#8221; img_link_large=&#8221;yes&#8221; img_link_target=&#8221;_self&#8221; css_animation=&#8221;fadeInLeft&#8221; img_size=&#8221;large&#8221;][vc_empty_space height=&#8221;32px&#8221;][\/vc_column][vc_column width=&#8221;2\/3&#8243;][vc_column_text] Entreposage frigorifique Mise \u00e0 part son\u00a0 activit\u00e9 principale qui est l\u2019entreposage frigorifique \u00e0 temp\u00e9rature dirig\u00e9e (inf\u00e9rieur \u00e0 \u2013 20\u00b0C) sur diff\u00e9rents\u00a0 produits qu\u2019ils soient alimentaires (cr\u00e8me glac\u00e9e, l\u00e9gumes, viande) ou provenant de la p\u00eache en&hellip;<\/p>\n","protected":false},"author":2,"featured_media":0,"parent":0,"menu_order":0,"comment_status":"closed","ping_status":"open","template":"","meta":{"footnotes":""},"class_list":["post-35878","page","type-page","status-publish","hentry","description-off"],"yoast_head":"<!-- This site is optimized with the Yoast SEO plugin v27.4 - https:\/\/yoast.com\/product\/yoast-seo-wordpress\/ -->\n<title>PRESTATIONS V.EN - Norfrigo<\/title>\n<meta name=\"robots\" content=\"index, follow, max-snippet:-1, max-image-preview:large, max-video-preview:-1\" \/>\n<link rel=\"canonical\" href=\"https:\/\/www.norfrigo.com\/en\/prestations-v-en\/\" \/>\n<meta property=\"og:locale\" content=\"en_US\" \/>\n<meta property=\"og:type\" content=\"article\" \/>\n<meta property=\"og:title\" content=\"PRESTATIONS V.EN - Norfrigo\" \/>\n<meta property=\"og:description\" content=\"[vc_row][vc_column width=&#8221;1\/3&#8243;][vc_empty_space height=&#8221;96px&#8221;][vc_single_image image=&#8221;35656&#8243; style=&#8221;vc_box_shadow&#8221; border_color=&#8221;grey&#8221; img_link_large=&#8221;yes&#8221; img_link_target=&#8221;_self&#8221; css_animation=&#8221;fadeInLeft&#8221; img_size=&#8221;large&#8221;][vc_empty_space height=&#8221;32px&#8221;][vc_single_image image=&#8221;35649&#8243; style=&#8221;vc_box_shadow&#8221; border_color=&#8221;grey&#8221; img_link_large=&#8221;yes&#8221; img_link_target=&#8221;_self&#8221; css_animation=&#8221;fadeInLeft&#8221; img_size=&#8221;large&#8221;][vc_empty_space height=&#8221;32px&#8221;][\/vc_column][vc_column width=&#8221;2\/3&#8243;][vc_column_text] Entreposage frigorifique Mise \u00e0 part son\u00a0 activit\u00e9 principale qui est l\u2019entreposage frigorifique \u00e0 temp\u00e9rature dirig\u00e9e (inf\u00e9rieur \u00e0 \u2013 20\u00b0C) sur diff\u00e9rents\u00a0 produits qu\u2019ils soient alimentaires (cr\u00e8me glac\u00e9e, l\u00e9gumes, viande) ou provenant de la p\u00eache en&hellip;\" \/>\n<meta property=\"og:url\" content=\"https:\/\/www.norfrigo.com\/en\/prestations-v-en\/\" \/>\n<meta property=\"og:site_name\" content=\"Norfrigo\" \/>\n<meta name=\"twitter:label1\" content=\"Est. reading time\" \/>\n\t<meta name=\"twitter:data1\" content=\"1 minute\" \/>\n<script type=\"application\/ld+json\" class=\"yoast-schema-graph\">{\"@context\":\"https:\\\/\\\/schema.org\",\"@graph\":[{\"@type\":\"WebPage\",\"@id\":\"https:\\\/\\\/www.norfrigo.com\\\/en\\\/prestations-v-en\\\/\",\"url\":\"https:\\\/\\\/www.norfrigo.com\\\/en\\\/prestations-v-en\\\/\",\"name\":\"PRESTATIONS V.EN - Norfrigo\",\"isPartOf\":{\"@id\":\"https:\\\/\\\/www.norfrigo.com\\\/#website\"},\"datePublished\":\"2015-07-03T14:50:33+00:00\",\"breadcrumb\":{\"@id\":\"https:\\\/\\\/www.norfrigo.com\\\/en\\\/prestations-v-en\\\/#breadcrumb\"},\"inLanguage\":\"en-US\",\"potentialAction\":[{\"@type\":\"ReadAction\",\"target\":[\"https:\\\/\\\/www.norfrigo.com\\\/en\\\/prestations-v-en\\\/\"]}]},{\"@type\":\"BreadcrumbList\",\"@id\":\"https:\\\/\\\/www.norfrigo.com\\\/en\\\/prestations-v-en\\\/#breadcrumb\",\"itemListElement\":[{\"@type\":\"ListItem\",\"position\":1,\"name\":\"Accueil\",\"item\":\"https:\\\/\\\/www.norfrigo.com\\\/en\\\/accueil\\\/\"},{\"@type\":\"ListItem\",\"position\":2,\"name\":\"PRESTATIONS V.EN\"}]},{\"@type\":\"WebSite\",\"@id\":\"https:\\\/\\\/www.norfrigo.com\\\/#website\",\"url\":\"https:\\\/\\\/www.norfrigo.com\\\/\",\"name\":\"Norfrigo\",\"description\":\"Entrepots frigorifiques Boulogne - le Havre\",\"potentialAction\":[{\"@type\":\"SearchAction\",\"target\":{\"@type\":\"EntryPoint\",\"urlTemplate\":\"https:\\\/\\\/www.norfrigo.com\\\/?s={search_term_string}\"},\"query-input\":{\"@type\":\"PropertyValueSpecification\",\"valueRequired\":true,\"valueName\":\"search_term_string\"}}],\"inLanguage\":\"en-US\"}]}<\/script>\n<!-- \/ Yoast SEO plugin. -->","yoast_head_json":{"title":"PRESTATIONS V.EN - Norfrigo","robots":{"index":"index","follow":"follow","max-snippet":"max-snippet:-1","max-image-preview":"max-image-preview:large","max-video-preview":"max-video-preview:-1"},"canonical":"https:\/\/www.norfrigo.com\/en\/prestations-v-en\/","og_locale":"en_US","og_type":"article","og_title":"PRESTATIONS V.EN - Norfrigo","og_description":"[vc_row][vc_column width=&#8221;1\/3&#8243;][vc_empty_space height=&#8221;96px&#8221;][vc_single_image image=&#8221;35656&#8243; style=&#8221;vc_box_shadow&#8221; border_color=&#8221;grey&#8221; img_link_large=&#8221;yes&#8221; img_link_target=&#8221;_self&#8221; css_animation=&#8221;fadeInLeft&#8221; img_size=&#8221;large&#8221;][vc_empty_space height=&#8221;32px&#8221;][vc_single_image image=&#8221;35649&#8243; style=&#8221;vc_box_shadow&#8221; border_color=&#8221;grey&#8221; img_link_large=&#8221;yes&#8221; img_link_target=&#8221;_self&#8221; css_animation=&#8221;fadeInLeft&#8221; img_size=&#8221;large&#8221;][vc_empty_space height=&#8221;32px&#8221;][\/vc_column][vc_column width=&#8221;2\/3&#8243;][vc_column_text] Entreposage frigorifique Mise \u00e0 part son\u00a0 activit\u00e9 principale qui est l\u2019entreposage frigorifique \u00e0 temp\u00e9rature dirig\u00e9e (inf\u00e9rieur \u00e0 \u2013 20\u00b0C) sur diff\u00e9rents\u00a0 produits qu\u2019ils soient alimentaires (cr\u00e8me glac\u00e9e, l\u00e9gumes, viande) ou provenant de la p\u00eache en&hellip;","og_url":"https:\/\/www.norfrigo.com\/en\/prestations-v-en\/","og_site_name":"Norfrigo","twitter_misc":{"Est. reading time":"1 minute"},"schema":{"@context":"https:\/\/schema.org","@graph":[{"@type":"WebPage","@id":"https:\/\/www.norfrigo.com\/en\/prestations-v-en\/","url":"https:\/\/www.norfrigo.com\/en\/prestations-v-en\/","name":"PRESTATIONS V.EN - Norfrigo","isPartOf":{"@id":"https:\/\/www.norfrigo.com\/#website"},"datePublished":"2015-07-03T14:50:33+00:00","breadcrumb":{"@id":"https:\/\/www.norfrigo.com\/en\/prestations-v-en\/#breadcrumb"},"inLanguage":"en-US","potentialAction":[{"@type":"ReadAction","target":["https:\/\/www.norfrigo.com\/en\/prestations-v-en\/"]}]},{"@type":"BreadcrumbList","@id":"https:\/\/www.norfrigo.com\/en\/prestations-v-en\/#breadcrumb","itemListElement":[{"@type":"ListItem","position":1,"name":"Accueil","item":"https:\/\/www.norfrigo.com\/en\/accueil\/"},{"@type":"ListItem","position":2,"name":"PRESTATIONS V.EN"}]},{"@type":"WebSite","@id":"https:\/\/www.norfrigo.com\/#website","url":"https:\/\/www.norfrigo.com\/","name":"Norfrigo","description":"Entrepots frigorifiques Boulogne - le Havre","potentialAction":[{"@type":"SearchAction","target":{"@type":"EntryPoint","urlTemplate":"https:\/\/www.norfrigo.com\/?s={search_term_string}"},"query-input":{"@type":"PropertyValueSpecification","valueRequired":true,"valueName":"search_term_string"}}],"inLanguage":"en-US"}]}},"_links":{"self":[{"href":"https:\/\/www.norfrigo.com\/en\/wp-json\/wp\/v2\/pages\/35878","targetHints":{"allow":["GET"]}}],"collection":[{"href":"https:\/\/www.norfrigo.com\/en\/wp-json\/wp\/v2\/pages"}],"about":[{"href":"https:\/\/www.norfrigo.com\/en\/wp-json\/wp\/v2\/types\/page"}],"author":[{"embeddable":true,"href":"https:\/\/www.norfrigo.com\/en\/wp-json\/wp\/v2\/users\/2"}],"replies":[{"embeddable":true,"href":"https:\/\/www.norfrigo.com\/en\/wp-json\/wp\/v2\/comments?post=35878"}],"version-history":[{"count":1,"href":"https:\/\/www.norfrigo.com\/en\/wp-json\/wp\/v2\/pages\/35878\/revisions"}],"predecessor-version":[{"id":35879,"href":"https:\/\/www.norfrigo.com\/en\/wp-json\/wp\/v2\/pages\/35878\/revisions\/35879"}],"wp:attachment":[{"href":"https:\/\/www.norfrigo.com\/en\/wp-json\/wp\/v2\/media?parent=35878"}],"curies":[{"name":"wp","href":"https:\/\/api.w.org\/{rel}","templated":true}]}}