{"id":35819,"date":"2019-07-15T13:51:52","date_gmt":"2019-07-15T13:51:52","guid":{"rendered":"https:\/\/www.norfrigo.com\/charte-qualite-2\/"},"modified":"2025-06-13T09:31:54","modified_gmt":"2025-06-13T09:31:54","slug":"charte-qualite","status":"publish","type":"page","link":"https:\/\/www.norfrigo.com\/en\/charte-qualite\/","title":{"rendered":"ENGAGEMENT QUALIT\u00c9"},"content":{"rendered":"<div class=\"wpb-content-wrapper\"><p>[vc_row][vc_column width=&#8221;1\/6&#8243;][vc_single_image image=&#8221;35765&#8243; img_size=&#8221;187&#215;111&#8243; alignment=&#8221;center&#8221; onclick=&#8221;img_link_large&#8221; css_animation=&#8221;fadeInLeft&#8221;][vc_single_image image=&#8221;35742&#8243; img_size=&#8221;187&#215;111&#8243; alignment=&#8221;center&#8221; onclick=&#8221;img_link_large&#8221; css_animation=&#8221;fadeInLeft&#8221;][vc_single_image image=&#8221;36511&#8243; alignment=&#8221;center&#8221; css_animation=&#8221;fadeInLeft&#8221;][\/vc_column][vc_column width=&#8221;5\/6&#8243;][vc_empty_space][vc_column_text css=&#8221;&#8221;]<\/p>\n<h2><strong><span style=\"color: #616f95;\">Our Commitments<\/span><\/strong><\/h2>\n<p>&nbsp;<\/p>\n<p>For nearly 20 years, NORFRIGO&#8217;s entire quality system has been built on the foundation of the ISO 9001 standard. In fact, NORFRIGO was ISO 9001 certified from 2001 to 2007.<\/p>\n<p>To demonstrate its commitment to stock management as a customs bonded warehouse, NORFRIGO initiated an Authorized Economic Operator (AEO) certification process in 2016. AEO is a voluntary and collaborative approach with customs. This quality label for customs processes distinguishes the most reliable companies in terms of security, safety, and confidentiality. Issued by the French customs, it&#8217;s recognized throughout the European Union and in countries that have signed mutual recognition agreements. In 2019, NORFRIGO obtained the Full Authorized Economic Operator certification: Security, Safety, and Customs Simplification.<\/p>\n<p>In order to provide all necessary assurances regarding food safety to its customers and highlight the transparency of its quality system, NORFRIGO sought certification recognized by all international distribution stakeholders:<\/p>\n<ul>\n<li>IFS Logistics<\/li>\n<\/ul>\n<p>This certification obtained in January 2015 highlight the ability of NORFRIGO&#8217;s teams to provide optimal storage conditions for safe and high-quality food products. NORFRIGO renewed these certificates for all of its sites in April 2022.[\/vc_column_text][\/vc_column][\/vc_row]<\/p>\n<\/div>","protected":false},"excerpt":{"rendered":"<p>[vc_row][vc_column width=&#8221;1\/6&#8243;][vc_single_image image=&#8221;35765&#8243; img_size=&#8221;187&#215;111&#8243; alignment=&#8221;center&#8221; onclick=&#8221;img_link_large&#8221; css_animation=&#8221;fadeInLeft&#8221;][vc_single_image image=&#8221;35742&#8243; img_size=&#8221;187&#215;111&#8243; alignment=&#8221;center&#8221; onclick=&#8221;img_link_large&#8221; css_animation=&#8221;fadeInLeft&#8221;][vc_single_image image=&#8221;36511&#8243; alignment=&#8221;center&#8221; css_animation=&#8221;fadeInLeft&#8221;][\/vc_column][vc_column width=&#8221;5\/6&#8243;][vc_empty_space][vc_column_text css=&#8221;&#8221;] Our Commitments &nbsp; For nearly 20 years, NORFRIGO&#8217;s entire quality system has been built on the foundation of the ISO 9001 standard. In fact, NORFRIGO was ISO 9001 certified from 2001 to 2007. To demonstrate its commitment to&hellip;<\/p>\n","protected":false},"author":2,"featured_media":0,"parent":0,"menu_order":0,"comment_status":"closed","ping_status":"open","template":"","meta":{"footnotes":""},"class_list":["post-35819","page","type-page","status-publish","hentry","description-off"],"yoast_head":"<!-- This site is optimized with the Yoast SEO plugin v27.4 - https:\/\/yoast.com\/product\/yoast-seo-wordpress\/ -->\n<title>Stockage logistique BRC IFS grand froid surgel\u00e9s frigo - Norfrigo<\/title>\n<meta name=\"description\" content=\"Pr\u00e9curseur de la Logistique du froid, sp\u00e9cialiste de l&#039;entreposage sous temp\u00e9rature dirig\u00e9e, NORFRIGO est certifi\u00e9 OEA, IFS et BRC\" \/>\n<meta name=\"robots\" content=\"index, follow, max-snippet:-1, max-image-preview:large, max-video-preview:-1\" \/>\n<link rel=\"canonical\" href=\"https:\/\/www.norfrigo.com\/en\/charte-qualite\/\" \/>\n<meta property=\"og:locale\" content=\"en_US\" \/>\n<meta property=\"og:type\" content=\"article\" \/>\n<meta property=\"og:title\" content=\"Stockage logistique BRC IFS grand froid surgel\u00e9s frigo - Norfrigo\" \/>\n<meta property=\"og:description\" content=\"Pr\u00e9curseur de la Logistique du froid, sp\u00e9cialiste de l&#039;entreposage sous temp\u00e9rature dirig\u00e9e, NORFRIGO est certifi\u00e9 OEA, IFS et BRC\" \/>\n<meta property=\"og:url\" content=\"https:\/\/www.norfrigo.com\/en\/charte-qualite\/\" \/>\n<meta property=\"og:site_name\" content=\"Norfrigo\" \/>\n<meta property=\"article:modified_time\" content=\"2025-06-13T09:31:54+00:00\" \/>\n<meta name=\"twitter:label1\" content=\"Est. reading time\" \/>\n\t<meta name=\"twitter:data1\" content=\"2 minutes\" \/>\n<script type=\"application\/ld+json\" class=\"yoast-schema-graph\">{\"@context\":\"https:\\\/\\\/schema.org\",\"@graph\":[{\"@type\":\"WebPage\",\"@id\":\"https:\\\/\\\/www.norfrigo.com\\\/en\\\/charte-qualite\\\/\",\"url\":\"https:\\\/\\\/www.norfrigo.com\\\/en\\\/charte-qualite\\\/\",\"name\":\"Stockage logistique BRC IFS grand froid surgel\u00e9s frigo - Norfrigo\",\"isPartOf\":{\"@id\":\"https:\\\/\\\/www.norfrigo.com\\\/#website\"},\"datePublished\":\"2019-07-15T13:51:52+00:00\",\"dateModified\":\"2025-06-13T09:31:54+00:00\",\"description\":\"Pr\u00e9curseur de la Logistique du froid, sp\u00e9cialiste de l'entreposage sous temp\u00e9rature dirig\u00e9e, NORFRIGO est certifi\u00e9 OEA, IFS et BRC\",\"breadcrumb\":{\"@id\":\"https:\\\/\\\/www.norfrigo.com\\\/en\\\/charte-qualite\\\/#breadcrumb\"},\"inLanguage\":\"en-US\",\"potentialAction\":[{\"@type\":\"ReadAction\",\"target\":[\"https:\\\/\\\/www.norfrigo.com\\\/en\\\/charte-qualite\\\/\"]}]},{\"@type\":\"BreadcrumbList\",\"@id\":\"https:\\\/\\\/www.norfrigo.com\\\/en\\\/charte-qualite\\\/#breadcrumb\",\"itemListElement\":[{\"@type\":\"ListItem\",\"position\":1,\"name\":\"Accueil\",\"item\":\"https:\\\/\\\/www.norfrigo.com\\\/en\\\/accueil\\\/\"},{\"@type\":\"ListItem\",\"position\":2,\"name\":\"ENGAGEMENT QUALIT\u00c9\"}]},{\"@type\":\"WebSite\",\"@id\":\"https:\\\/\\\/www.norfrigo.com\\\/#website\",\"url\":\"https:\\\/\\\/www.norfrigo.com\\\/\",\"name\":\"Norfrigo\",\"description\":\"Entrepots frigorifiques Boulogne - le Havre\",\"potentialAction\":[{\"@type\":\"SearchAction\",\"target\":{\"@type\":\"EntryPoint\",\"urlTemplate\":\"https:\\\/\\\/www.norfrigo.com\\\/?s={search_term_string}\"},\"query-input\":{\"@type\":\"PropertyValueSpecification\",\"valueRequired\":true,\"valueName\":\"search_term_string\"}}],\"inLanguage\":\"en-US\"}]}<\/script>\n<!-- \/ Yoast SEO plugin. -->","yoast_head_json":{"title":"Stockage logistique BRC IFS grand froid surgel\u00e9s frigo - Norfrigo","description":"Pr\u00e9curseur de la Logistique du froid, sp\u00e9cialiste de l'entreposage sous temp\u00e9rature dirig\u00e9e, NORFRIGO est certifi\u00e9 OEA, IFS et BRC","robots":{"index":"index","follow":"follow","max-snippet":"max-snippet:-1","max-image-preview":"max-image-preview:large","max-video-preview":"max-video-preview:-1"},"canonical":"https:\/\/www.norfrigo.com\/en\/charte-qualite\/","og_locale":"en_US","og_type":"article","og_title":"Stockage logistique BRC IFS grand froid surgel\u00e9s frigo - Norfrigo","og_description":"Pr\u00e9curseur de la Logistique du froid, sp\u00e9cialiste de l'entreposage sous temp\u00e9rature dirig\u00e9e, NORFRIGO est certifi\u00e9 OEA, IFS et BRC","og_url":"https:\/\/www.norfrigo.com\/en\/charte-qualite\/","og_site_name":"Norfrigo","article_modified_time":"2025-06-13T09:31:54+00:00","twitter_misc":{"Est. reading time":"2 minutes"},"schema":{"@context":"https:\/\/schema.org","@graph":[{"@type":"WebPage","@id":"https:\/\/www.norfrigo.com\/en\/charte-qualite\/","url":"https:\/\/www.norfrigo.com\/en\/charte-qualite\/","name":"Stockage logistique BRC IFS grand froid surgel\u00e9s frigo - Norfrigo","isPartOf":{"@id":"https:\/\/www.norfrigo.com\/#website"},"datePublished":"2019-07-15T13:51:52+00:00","dateModified":"2025-06-13T09:31:54+00:00","description":"Pr\u00e9curseur de la Logistique du froid, sp\u00e9cialiste de l'entreposage sous temp\u00e9rature dirig\u00e9e, NORFRIGO est certifi\u00e9 OEA, IFS et BRC","breadcrumb":{"@id":"https:\/\/www.norfrigo.com\/en\/charte-qualite\/#breadcrumb"},"inLanguage":"en-US","potentialAction":[{"@type":"ReadAction","target":["https:\/\/www.norfrigo.com\/en\/charte-qualite\/"]}]},{"@type":"BreadcrumbList","@id":"https:\/\/www.norfrigo.com\/en\/charte-qualite\/#breadcrumb","itemListElement":[{"@type":"ListItem","position":1,"name":"Accueil","item":"https:\/\/www.norfrigo.com\/en\/accueil\/"},{"@type":"ListItem","position":2,"name":"ENGAGEMENT QUALIT\u00c9"}]},{"@type":"WebSite","@id":"https:\/\/www.norfrigo.com\/#website","url":"https:\/\/www.norfrigo.com\/","name":"Norfrigo","description":"Entrepots frigorifiques Boulogne - le Havre","potentialAction":[{"@type":"SearchAction","target":{"@type":"EntryPoint","urlTemplate":"https:\/\/www.norfrigo.com\/?s={search_term_string}"},"query-input":{"@type":"PropertyValueSpecification","valueRequired":true,"valueName":"search_term_string"}}],"inLanguage":"en-US"}]}},"_links":{"self":[{"href":"https:\/\/www.norfrigo.com\/en\/wp-json\/wp\/v2\/pages\/35819","targetHints":{"allow":["GET"]}}],"collection":[{"href":"https:\/\/www.norfrigo.com\/en\/wp-json\/wp\/v2\/pages"}],"about":[{"href":"https:\/\/www.norfrigo.com\/en\/wp-json\/wp\/v2\/types\/page"}],"author":[{"embeddable":true,"href":"https:\/\/www.norfrigo.com\/en\/wp-json\/wp\/v2\/users\/2"}],"replies":[{"embeddable":true,"href":"https:\/\/www.norfrigo.com\/en\/wp-json\/wp\/v2\/comments?post=35819"}],"version-history":[{"count":46,"href":"https:\/\/www.norfrigo.com\/en\/wp-json\/wp\/v2\/pages\/35819\/revisions"}],"predecessor-version":[{"id":37179,"href":"https:\/\/www.norfrigo.com\/en\/wp-json\/wp\/v2\/pages\/35819\/revisions\/37179"}],"wp:attachment":[{"href":"https:\/\/www.norfrigo.com\/en\/wp-json\/wp\/v2\/media?parent=35819"}],"curies":[{"name":"wp","href":"https:\/\/api.w.org\/{rel}","templated":true}]}}